{"id":1339,"date":"2024-03-17T11:02:47","date_gmt":"2024-03-17T10:02:47","guid":{"rendered":"http:\/\/wp.magnium-themes.com\/thebuilt\/thebuilt-2\/?page_id=1339"},"modified":"2025-03-16T13:30:44","modified_gmt":"2025-03-16T12:30:44","slug":"a-propos","status":"publish","type":"page","link":"https:\/\/romibat.com\/?page_id=1339","title":{"rendered":"A Propos"},"content":{"rendered":"<section class=\"wpb-content-wrapper\"><p>[vc_row equal_height=&#8221;yes&#8221; css=&#8221;.vc_custom_1714826131761{margin-bottom: 10px !important;}&#8221;][vc_column width=&#8221;1\/3&#8243; css=&#8221;.vc_custom_1459186986556{margin-right: 0px !important;padding-right: 0px !important;}&#8221;]<style scoped='scoped'>.mgt-promo-block-80547717587.mgt-promo-block.animated:hover .mgt-promo-block-content {background-color: rgba(0,0,0,0.5)!important;}<\/style><div class=\"mgt-promo-block animated white-text cover-image text-size-normal no-darken mgt-promo-block-80547717587 wpb_content_element\" data-style=\"background-image: url(https:\/\/romibat.com\/wp-content\/uploads\/2024\/05\/Romibatoffice.jpg);background-repeat: no-repeat;width: 100%; height: 350px;\"><div class=\"mgt-promo-block-content mgt-hide-button\"><div class=\"mgt-promo-block-content-inside\"><div class=\"mgt-button-wrapper mgt-button-wrapper-align-center mgt-button-wrapper-display-newline mgt-button-top-margin-disable\"><a class=\"btn hvr-bounce-to-right mgt-button mgt-style-solid mgt-size-normal mgt-align-center mgt-display-newline mgt-text-size-normal mgt-button-icon-position-left mgt-text-transform-uppercase \" href=\"\/services\/\">Nos Services<\/a><\/div><\/div><\/div><\/div>[\/vc_column][vc_column width=&#8221;2\/3&#8243; css=&#8221;.vc_custom_1714826058427{margin-left: 0px !important;padding-left: 0px !important;}&#8221;]<div class=\"mgt-promo-block black-text text-size-normal no-darken mgt-promo-block-75700987093 wpb_content_element wpb_animate_when_almost_visible wpb_right-to-left\" data-style=\"width: 100%; height: 400px;\"><div class=\"mgt-promo-block-content va-top\"><div class=\"mgt-promo-block-content-inside vc_custom_1714826118288\">\n<h3 style=\"text-align: left\">Romibat Maroc &#8211;<br \/>\nConstruction de l\u2019Avenir<\/h3>\n<p style=\"text-align: left\"><strong>Romibat<\/strong>\u00a0est une entreprise des travaux de construction sp\u00e9cialis\u00e9e dans le secteur de b\u00e2timent en particulier dans la r\u00e9alisation des immeubles \u00e0 grandes hauteurs IGH et g\u00e9n\u00e9ralement aux travaux de construction Tout corps d\u2019\u00e9tat TCE.<br \/>\nDepuis plus de 30 ans,\u00a0<strong>M. El Yamlahi\u00a0<\/strong>(Pr\u00e9sident Directeur g\u00e9n\u00e9ral de la soci\u00e9t\u00e9) et ses co\u00e9quipiers travaillent dans le domaine de la construction et dans ses diverses activit\u00e9s.<br \/>\nUne telle p\u00e9riode lui a permis d\u2019acqu\u00e9rir une bonne exp\u00e9rience, un bon sens de l\u2019\u00e9coute et une capacit\u00e9 de satisfaire les besoins de ses clients<\/div><\/div><\/div>[\/vc_column][\/vc_row][vc_row css=&#8221;.vc_custom_1463480548872{margin-bottom: 0px !important;padding-bottom: 0px !important;}&#8221;][vc_column][vc_separator css=&#8221;.vc_custom_1463481153700{margin-bottom: 0px !important;padding-bottom: 0px !important;}&#8221;][\/vc_column][\/vc_row][vc_row][vc_column]<div class=\"mgt-header-block clearfix text-left text-black wpb_content_element  mgt-header-block-style-1 mgt-header-texttransform-header \"><h2 class=\"mgt-header-block-title\">NOS VALEURS<\/h2><div class=\"mgt-header-line\"><\/div><\/div>[\/vc_column][\/vc_row][vc_row css=&#8221;.vc_custom_1714825644742{padding-bottom: 50px !important;}&#8221;][vc_column width=&#8221;1\/3&#8243;][vc_single_image image=&#8221;3995&#8243; img_size=&#8221;full&#8221; css_animation=&#8221;left-to-right&#8221;][vc_column_text css_animation=&#8221;left-to-right&#8221;]<\/p>\n<h4 style=\"text-align: left;\"><strong>NOTRE VISION<\/strong><\/h4>\n<p style=\"text-align: left;\">La qualit\u00e9 de notre travail est une source importante de fiert\u00e9, et nous travaillons sans rel\u00e2che pour accroitre et approfondir nos connaissances, afin de conserver notre statut d\u2019expert en BTP dans les domaines industriels et civils.<\/p>\n<p>[\/vc_column_text][\/vc_column][vc_column width=&#8221;1\/3&#8243;][vc_single_image image=&#8221;3996&#8243; img_size=&#8221;full&#8221; css_animation=&#8221;left-to-right&#8221;][vc_column_text css_animation=&#8221;left-to-right&#8221;]<\/p>\n<h4><strong>\u00a0NOTRE MISSION<\/strong><\/h4>\n<p>Notre mission est de mener \u00e0 terme des projets de construction de toutes envergures. La profitabilit\u00e9 ainsi que la pleine satisfaction des exigences des clients d\u00e9coulent d\u2019une organisation strat\u00e9gique des \u00e9quipes de travail selon leurs aptitudes et expertises.[\/vc_column_text][\/vc_column][vc_column width=&#8221;1\/3&#8243;][vc_single_image image=&#8221;3999&#8243; img_size=&#8221;full&#8221; css_animation=&#8221;left-to-right&#8221;][vc_column_text css_animation=&#8221;left-to-right&#8221;]<\/p>\n<h4><strong>QHSE<\/strong><\/h4>\n<p>Notre engagement en termes de Politique QHSE est suivi, avec attention, par tout notre personnel au sein de nos locaux comme sur vos chantiers.[\/vc_column_text][\/vc_column][\/vc_row][vc_row css=&#8221;.vc_custom_1463480548872{margin-bottom: 0px !important;padding-bottom: 0px !important;}&#8221;][vc_column][vc_separator css=&#8221;.vc_custom_1463481153700{margin-bottom: 0px !important;padding-bottom: 0px !important;}&#8221;][\/vc_column][\/vc_row][vc_row equal_height=&#8221;yes&#8221; content_placement=&#8221;middle&#8221; css=&#8221;.vc_custom_1714825684899{margin-right: 0px !important;margin-bottom: 30px !important;margin-left: 0px !important;padding-top: 0px !important;background-color: #f1f1f1 !important;}&#8221;][vc_column css=&#8221;.vc_custom_1714825729674{padding-right: 0px !important;padding-left: 0px !important;}&#8221;]<div class=\"mgt-promo-block black-text text-size-normal no-darken mgt-promo-block-75700987093 wpb_content_element\" data-style=\"background-image: url(https:\/\/romibat.com\/wp-content\/uploads\/2024\/05\/pixel-grid.png);background-repeat: repeat;width: 100%; height: 380px;\"><div class=\"mgt-promo-block-content va-top\"><div class=\"mgt-promo-block-content-inside vc_custom_1742128080067\">\n<h5 style=\"text-align: left\"><span style=\"color: #999999\">ROMIBAT MAROC<\/span><\/h5>\n<h2 style=\"text-align: left\">Au Coeur<br \/>\nde l&#8217;Ouvrage<\/h2>\n<strong>Romibat\u00a0<\/strong>a vu le jour en l\u2019ann\u00e9e 2004 et depuis, elle veille, tout au long de son existence, \u00e0 tracer comme objectifs majeurs :\n<ul>\n<li>Satisfaction des clients.<\/li>\n<li>\u00catre une r\u00e9f\u00e9rence dans le domaine de la construction dans la r\u00e9gion.<\/li>\n<li>\u00a0Evolution et adaptation avec les exigences et les transformations de l\u2019environnement.<\/li>\n<\/ul>\n<div class=\"mgt-button-wrapper mgt-button-wrapper-align-left mgt-button-wrapper-display-newline mgt-button-top-margin-enable\"><a class=\"btn hvr-bounce-to-right mgt-button mgt-style-solid mgt-size-normal mgt-align-left mgt-display-newline mgt-text-size-small mgt-button-icon-position-left mgt-text-transform-uppercase \" href=\"https:\/\/romibat.com\/?page_id=1831\">Contactez-nous<\/a><\/div><\/div><\/div><\/div>[\/vc_column][\/vc_row][vc_row css=&#8221;.vc_custom_1463480345924{padding-top: 30px !important;padding-bottom: 30px !important;}&#8221;][vc_column width=&#8221;1\/4&#8243;]<div class=\"mgt-header-block clearfix text-left text-black wpb_animate_when_almost_visible wpb_left-to-right wpb_content_element  mgt-header-block-style-2 mgt-header-texttransform-both \"><p class=\"mgt-header-block-subtitle\">NUMBERS<\/p><h3 class=\"mgt-header-block-title\">Votre B\u00e2tisseur de Confiance<\/h3><div class=\"mgt-header-line\"><\/div><\/div>[\/vc_column][vc_column width=&#8221;1\/4&#8243;]<div class=\"mgt-counter-wrapper wpb_content_element text-black text-left\"><div class=\"mgt-counter-icon\"><i class=\"fa fa-users\"><\/i>\r\n<\/div><span class=\"mgt-counter-value\" data-from=\"0\" data-to=\"200\" data-speed=\"2000\" data-decimals=\"0\">200<\/span><h5 class=\"mgt-counter-title\">CLIENTS<\/h5><\/div>[\/vc_column][vc_column width=&#8221;1\/4&#8243;]<div class=\"mgt-counter-wrapper wpb_content_element text-black text-left\"><div class=\"mgt-counter-icon\"><i class=\"fa fa-graduation-cap\"><\/i>\r\n<\/div><span class=\"mgt-counter-value\" data-from=\"0\" data-to=\"200\" data-speed=\"2000\" data-decimals=\"0\">200<\/span><h5 class=\"mgt-counter-title\">EMPLOYES<\/h5><\/div>[\/vc_column][vc_column width=&#8221;1\/4&#8243;]<div class=\"mgt-counter-wrapper wpb_content_element text-black text-left\"><div class=\"mgt-counter-icon\"><i class=\"fa fa-building\"><\/i>\r\n<\/div><span class=\"mgt-counter-value\" data-from=\"0\" data-to=\"225\" data-speed=\"2000\" data-decimals=\"0\">225<\/span><h5 class=\"mgt-counter-title\">PROJETS<\/h5><\/div>[\/vc_column][\/vc_row][vc_row css=&#8221;.vc_custom_1463480548872{margin-bottom: 0px !important;padding-bottom: 0px !important;}&#8221;][vc_column][vc_separator css=&#8221;.vc_custom_1463481153700{margin-bottom: 0px !important;padding-bottom: 0px !important;}&#8221;][\/vc_column][\/vc_row][vc_row parallax=&#8221;content-moving&#8221; css=&#8221;.vc_custom_1463391194401{background-position: center;background-repeat: no-repeat;background-size:cover !important;}&#8221;][vc_column]<div class=\"mgt-header-block clearfix text-left text-black wpb_content_element  mgt-header-block-style-1 mgt-header-texttransform-header \"><h2 class=\"mgt-header-block-title\">Nos Domaines d\u2019Intervention<\/h2><div class=\"mgt-header-line\"><\/div><\/div>[\/vc_column][\/vc_row][vc_row][vc_column width=&#8221;1\/2&#8243;]<style scoped='scoped'>.mgt-promo-block-423153322164.mgt-promo-block.darken .mgt-promo-block-content {background-color: rgba(10,10,10,0.3)!important;}.mgt-promo-block-423153322164.mgt-promo-block.animated:hover .mgt-promo-block-content {background-color: rgba(0,0,0,0.5)!important;}<\/style><div class=\"mgt-promo-block animated white-text cover-image text-size-normal darken mgt-promo-block-423153322164 wpb_content_element wpb_animate_when_almost_visible wpb_top-to-bottom\" data-style=\"background-image: url(https:\/\/romibat.com\/wp-content\/uploads\/2024\/05\/pxfuel.jpg);background-repeat: no-repeat;width: 100%; height: 270px;\"><div class=\"mgt-promo-block-content va-bottom\"><div class=\"mgt-promo-block-content-inside vc_custom_1742128141797\"><i class=\"fa fa-2 fa-angle-double-down\"><!-- Icon --><\/i>\n<h3 style=\"text-align: left\">GROS<br \/>\nOEUVRE<\/h3>\n<div class=\"mgt-button-wrapper mgt-button-wrapper-align-left mgt-button-wrapper-display-newline mgt-button-top-margin-disable\"><a class=\"btn hvr-icon-wobble-horizontal mgt-button mgt-style-textwhite mgt-size-normal mgt-align-left mgt-display-newline mgt-text-size-small mgt-button-icon-position-right mgt-text-transform-uppercase \" href=\"https:\/\/romibat.com\/?page_id=625\">Lire la suite<i class=\"fa fa-arrow-right\"><\/i><\/a><\/div><\/div><\/div><\/div>[\/vc_column][vc_column width=&#8221;1\/2&#8243;]<style scoped='scoped'>.mgt-promo-block-23311638664.mgt-promo-block.darken .mgt-promo-block-content {background-color: rgba(10,10,10,0.38)!important;}.mgt-promo-block-23311638664.mgt-promo-block.animated:hover .mgt-promo-block-content {background-color: rgba(0,0,0,0.5)!important;}<\/style><div class=\"mgt-promo-block animated white-text cover-image text-size-normal darken mgt-promo-block-23311638664 wpb_content_element wpb_animate_when_almost_visible wpb_top-to-bottom\" data-style=\"background-image: url(https:\/\/romibat.com\/wp-content\/uploads\/2024\/05\/Romibat-etanche.webp);background-repeat: no-repeat;width: 100%; height: 270px;\"><div class=\"mgt-promo-block-content va-bottom\"><div class=\"mgt-promo-block-content-inside vc_custom_1742128158837\"><i class=\"fa fa-2 fa-angle-double-down\"><!-- Icon --><\/i>\n<h3>\u00c9TANCH\u00c9IT\u00c9<\/h3>\n<div class=\"mgt-button-wrapper mgt-button-wrapper-align-left mgt-button-wrapper-display-newline mgt-button-top-margin-disable\"><a class=\"btn hvr-icon-wobble-horizontal mgt-button mgt-style-textwhite mgt-size-normal mgt-align-left mgt-display-newline mgt-text-size-small mgt-button-icon-position-right mgt-text-transform-uppercase \" href=\"https:\/\/romibat.com\/?page_id=4039\">Lire la suite<i class=\"fa fa-arrow-right\"><\/i><\/a><\/div><\/div><\/div><\/div>[\/vc_column][\/vc_row][vc_row css=&#8221;.vc_custom_1714826729937{padding-top: 25px !important;}&#8221;][vc_column width=&#8221;1\/2&#8243;]<style scoped='scoped'>.mgt-promo-block-17315338312.mgt-promo-block.darken .mgt-promo-block-content {background-color: rgba(10,10,10,0.38)!important;}.mgt-promo-block-17315338312.mgt-promo-block.animated:hover .mgt-promo-block-content {background-color: rgba(0,0,0,0.5)!important;}<\/style><div class=\"mgt-promo-block animated white-text cover-image text-size-normal darken mgt-promo-block-17315338312 wpb_content_element wpb_animate_when_almost_visible wpb_top-to-bottom\" data-style=\"background-image: url(https:\/\/romibat.com\/wp-content\/uploads\/2024\/05\/Revetement_Romibat.jpg);background-repeat: no-repeat;width: 100%; height: 270px;\"><div class=\"mgt-promo-block-content va-bottom\"><div class=\"mgt-promo-block-content-inside vc_custom_1742128176557\"><i class=\"fa fa-2 fa-angle-double-down\"><!-- Icon --><\/i>\n<h3>REV\u00caTEMENT<\/h3>\n<div class=\"mgt-button-wrapper mgt-button-wrapper-align-left mgt-button-wrapper-display-newline mgt-button-top-margin-disable\"><a class=\"btn hvr-icon-wobble-horizontal mgt-button mgt-style-textwhite mgt-size-normal mgt-align-left mgt-display-newline mgt-text-size-small mgt-button-icon-position-right mgt-text-transform-uppercase \" href=\"https:\/\/romibat.com\/?page_id=4046\">Lire la suite<i class=\"fa fa-arrow-right\"><\/i><\/a><\/div><\/div><\/div><\/div>[\/vc_column][vc_column width=&#8221;1\/2&#8243;]<style scoped='scoped'>.mgt-promo-block-23311638664.mgt-promo-block.darken .mgt-promo-block-content {background-color: rgba(10,10,10,0.38)!important;}.mgt-promo-block-23311638664.mgt-promo-block.animated:hover .mgt-promo-block-content {background-color: rgba(0,0,0,0.5)!important;}<\/style><div class=\"mgt-promo-block animated white-text cover-image text-size-normal darken mgt-promo-block-23311638664 wpb_content_element wpb_animate_when_almost_visible wpb_top-to-bottom\" data-style=\"background-image: url(https:\/\/romibat.com\/wp-content\/uploads\/2024\/05\/EmenagExterieur.jpg);background-repeat: no-repeat;width: 100%; height: 270px;\"><div class=\"mgt-promo-block-content va-bottom\"><div class=\"mgt-promo-block-content-inside vc_custom_1742128197848\"><i class=\"fa fa-2 fa-angle-double-down\"><!-- Icon --><\/i>\n<h3>AM\u00c9NAGEMENT<br \/>\nEXT\u00c9RIEUR<\/h3>\n<div class=\"mgt-button-wrapper mgt-button-wrapper-align-left mgt-button-wrapper-display-newline mgt-button-top-margin-disable\"><a class=\"btn hvr-icon-wobble-horizontal mgt-button mgt-style-textwhite mgt-size-normal mgt-align-left mgt-display-newline mgt-text-size-small mgt-button-icon-position-right mgt-text-transform-uppercase \" href=\"https:\/\/romibat.com\/?page_id=4066\">Lire la suite<i class=\"fa fa-arrow-right\"><\/i><\/a><\/div><\/div><\/div><\/div>[\/vc_column][\/vc_row][vc_row css=&#8221;.vc_custom_1714826724449{padding-top: 25px !important;}&#8221;][vc_column width=&#8221;1\/2&#8243;]<style scoped='scoped'>.mgt-promo-block-423153322164.mgt-promo-block.darken .mgt-promo-block-content {background-color: rgba(10,10,10,0.3)!important;}.mgt-promo-block-423153322164.mgt-promo-block.animated:hover .mgt-promo-block-content {background-color: rgba(0,0,0,0.5)!important;}<\/style><div class=\"mgt-promo-block animated white-text cover-image text-size-normal darken mgt-promo-block-423153322164 wpb_content_element wpb_animate_when_almost_visible wpb_top-to-bottom\" data-style=\"background-image: url(https:\/\/romibat.com\/wp-content\/uploads\/2024\/05\/Voirie_Romibat.jpeg);background-repeat: no-repeat;width: 100%; height: 270px;\"><div class=\"mgt-promo-block-content va-bottom\"><div class=\"mgt-promo-block-content-inside vc_custom_1742128214036\"><i class=\"fa fa-2 fa-angle-double-down\"><!-- Icon --><\/i>\n<h3 style=\"text-align: left\">VOIRIE<\/h3>\n<div class=\"mgt-button-wrapper mgt-button-wrapper-align-left mgt-button-wrapper-display-newline mgt-button-top-margin-disable\"><a class=\"btn hvr-icon-wobble-horizontal mgt-button mgt-style-textwhite mgt-size-normal mgt-align-left mgt-display-newline mgt-text-size-small mgt-button-icon-position-right mgt-text-transform-uppercase \" href=\"https:\/\/romibat.com\/?page_id=4057\">Lire la suite<i class=\"fa fa-arrow-right\"><\/i><\/a><\/div><\/div><\/div><\/div>[\/vc_column][vc_column width=&#8221;1\/2&#8243;]<style scoped='scoped'>.mgt-promo-block-17315338312.mgt-promo-block.darken .mgt-promo-block-content {background-color: rgba(10,10,10,0.38)!important;}.mgt-promo-block-17315338312.mgt-promo-block.animated:hover .mgt-promo-block-content {background-color: rgba(0,0,0,0.5)!important;}<\/style><div class=\"mgt-promo-block animated white-text cover-image text-size-normal darken mgt-promo-block-17315338312 wpb_content_element wpb_animate_when_almost_visible wpb_top-to-bottom\" data-style=\"background-image: url(https:\/\/romibat.com\/wp-content\/uploads\/2024\/05\/Assainissement_romibat.jpg);background-repeat: no-repeat;width: 100%; height: 270px;\"><div class=\"mgt-promo-block-content va-bottom\"><div class=\"mgt-promo-block-content-inside vc_custom_1742128232072\"><i class=\"fa fa-2 fa-angle-double-down\"><!-- Icon --><\/i>\n<h3>ASSAINISSEMENT<\/h3>\n<div class=\"mgt-button-wrapper mgt-button-wrapper-align-left mgt-button-wrapper-display-newline mgt-button-top-margin-disable\"><a class=\"btn hvr-icon-wobble-horizontal mgt-button mgt-style-textwhite mgt-size-normal mgt-align-left mgt-display-newline mgt-text-size-small mgt-button-icon-position-right mgt-text-transform-uppercase \" href=\"https:\/\/romibat.com\/?page_id=4072\">Lire la suite<i class=\"fa fa-arrow-right\"><\/i><\/a><\/div><\/div><\/div><\/div>[\/vc_column][\/vc_row]<\/p>\n<\/section>","protected":false},"excerpt":{"rendered":"<p>[vc_row equal_height=&#8221;yes&#8221; css=&#8221;.vc_custom_1714826131761{margin-bottom: 10px !important;}&#8221;][vc_column width=&#8221;1\/3&#8243; css=&#8221;.vc_custom_1459186986556{margin-right: 0px !important;padding-right: 0px !important;}&#8221;][\/vc_column][vc_column width=&#8221;2\/3&#8243; css=&#8221;.vc_custom_1714826058427{margin-left: 0px !important;padding-left: 0px !important;}&#8221;][\/vc_column][\/vc_row][vc_row css=&#8221;.vc_custom_1463480548872{margin-bottom: 0px !important;padding-bottom: 0px !important;}&#8221;][vc_column][vc_separator css=&#8221;.vc_custom_1463481153700{margin-bottom: 0px !important;padding-bottom: 0px !important;}&#8221;][\/vc_column][\/vc_row][vc_row][vc_column][\/vc_column][\/vc_row][vc_row css=&#8221;.vc_custom_1714825644742{padding-bottom: 50px !important;}&#8221;][vc_column&#8230;<\/p>\n","protected":false},"author":1,"featured_media":0,"parent":0,"menu_order":0,"comment_status":"closed","ping_status":"closed","template":"","meta":{"footnotes":""},"class_list":["post-1339","page","type-page","status-publish","hentry"],"aioseo_notices":[],"_links":{"self":[{"href":"https:\/\/romibat.com\/index.php?rest_route=\/wp\/v2\/pages\/1339","targetHints":{"allow":["GET"]}}],"collection":[{"href":"https:\/\/romibat.com\/index.php?rest_route=\/wp\/v2\/pages"}],"about":[{"href":"https:\/\/romibat.com\/index.php?rest_route=\/wp\/v2\/types\/page"}],"author":[{"embeddable":true,"href":"https:\/\/romibat.com\/index.php?rest_route=\/wp\/v2\/users\/1"}],"replies":[{"embeddable":true,"href":"https:\/\/romibat.com\/index.php?rest_route=%2Fwp%2Fv2%2Fcomments&post=1339"}],"version-history":[{"count":20,"href":"https:\/\/romibat.com\/index.php?rest_route=\/wp\/v2\/pages\/1339\/revisions"}],"predecessor-version":[{"id":4144,"href":"https:\/\/romibat.com\/index.php?rest_route=\/wp\/v2\/pages\/1339\/revisions\/4144"}],"wp:attachment":[{"href":"https:\/\/romibat.com\/index.php?rest_route=%2Fwp%2Fv2%2Fmedia&parent=1339"}],"curies":[{"name":"wp","href":"https:\/\/api.w.org\/{rel}","templated":true}]}}