{"id":4066,"date":"2024-05-04T20:32:26","date_gmt":"2024-05-04T18:32:26","guid":{"rendered":"https:\/\/romibat.com\/?page_id=4066"},"modified":"2024-05-04T20:34:10","modified_gmt":"2024-05-04T18:34:10","slug":"amenag-ext","status":"publish","type":"page","link":"https:\/\/romibat.com\/?page_id=4066","title":{"rendered":"Am\u00e9nagement Ext\u00e9rieur"},"content":{"rendered":"<section class=\"wpb-content-wrapper\"><p>[vc_row][vc_column width=&#8221;1\/2&#8243; css=&#8221;.vc_custom_1460641256688{margin-right: 0px !important;padding-right: 0px !important;}&#8221;]<style scoped='scoped'>.mgt-promo-block-36261014417.mgt-promo-block .mgt-promo-block-content h2 {font-size: 30px;line-height: normal!important;}<\/style><div class=\"mgt-promo-block black-text text-size-normal no-darken mgt-promo-block-36261014417 wpb_content_element\" data-style=\"background-color: #f5f5f5;width: 100%; height: 400px;\"><div class=\"mgt-promo-block-content\"><div class=\"mgt-promo-block-content-inside vc_custom_1714847042706\">\n<h4>Romibat Maroc<\/h4>\n<h2>AM\u00c9NAGEMENT EXT\u00c9RIEUR<\/h2>\n<p style=\"text-align: left\"><strong>Romibat<\/strong> dispose de comp\u00e9tences d\u2019\u00e9quipes et d\u2019\u00e9quipements techniques appropri\u00e9s permettant la prise en charge de chantiers vari\u00e9s, notamment pour les poses de cl\u00f4tures sur de tr\u00e8s grandes longueurs.\n<\/div><\/div><\/div>[\/vc_column][vc_column width=&#8221;1\/2&#8243; css=&#8221;.vc_custom_1460641327282{margin-left: 0px !important;padding-left: 0px !important;}&#8221;]<style scoped='scoped'>.mgt-promo-block-36261014317.mgt-promo-block .mgt-promo-block-content h2 {font-size: 30px;line-height: normal!important;}<\/style><div class=\"mgt-promo-block black-text cover-image text-size-normal no-darken mgt-promo-block-36261014317 wpb_content_element\" data-style=\"background-color: #f5f5f5;background-image: url(https:\/\/romibat.com\/wp-content\/uploads\/2024\/05\/amenag_urbain_-romibat.jpg);background-repeat: no-repeat;width: 100%; height: 400px;\"><div class=\"mgt-promo-block-content\"><div class=\"mgt-promo-block-content-inside\"><\/div><\/div><\/div>[\/vc_column][\/vc_row][vc_row][vc_column][vc_empty_space height=&#8221;30px&#8221;][\/vc_column][\/vc_row][vc_row][vc_column]<div class=\"mgt-header-block clearfix text-left text-black wpb_content_element  mgt-header-block-style-1 mgt-header-texttransform-none  vc_custom_1714847192071\"><h3 class=\"mgt-header-block-title\">Votre Sp\u00e9cialiste en Am\u00e9nagement Ext\u00e9rieur<\/h3><div class=\"mgt-header-line\"><\/div><\/div>[vc_column_text]<strong>Romibat<\/strong>, sp\u00e9cialiste de l\u2019am\u00e9nagement ext\u00e9rieur pour tous vos travaux de terrassement et d\u2019am\u00e9nagement ext\u00e9rieur :\u00a0 Excavation, Nivellement, Dessouchage, Tranch\u00e9es techniques pour tous types de r\u00e9seaux domestiques, assainissement individuel et collectif, Canalisations, Drainage, Etanch\u00e9it\u00e9 des Soubassements, Travaux de VRD et fondations.[\/vc_column_text][\/vc_column][\/vc_row][vc_row][vc_column][vc_separator][\/vc_column][\/vc_row][vc_row][vc_column width=&#8221;1\/2&#8243;]<div class=\"mgt-header-block clearfix text-left text-black wpb_content_element  mgt-header-block-style-1 mgt-header-texttransform-none  vc_custom_1714847319967\"><h3 class=\"mgt-header-block-title\">Des Solutions compl\u00e8te pour Vos Travaux de R\u00e9fection de Sol<\/h3><div class=\"mgt-header-line\"><\/div><\/div>[vc_column_text]L\u2019entreprise sp\u00e9cialis\u00e9e des travaux ext\u00e9rieurs, <strong>Romibat<\/strong> intervient pour tous vos travaux de r\u00e9fection de sol :\u00a0 chemin d\u2019acc\u00e8s, cours, all\u00e9es de garage, entr\u00e9e et passage, entretien de vos espaces-verts, acc\u00e8s mobilit\u00e9 r\u00e9duite. Nous mettons en \u0153uvre la viabilisation de terrains ou de lotissements.<\/p>\n<p>Nous utilisons une gamme \u00e9largie pour vos r\u00e9fections de sols comme l\u2019enrob\u00e9 \u00e0 chaud, b\u00e9ton gravillonn\u00e9 d\u00e9sactiv\u00e9, pavage, gravillon, dalle b\u00e9ton, dalle alv\u00e9ol\u00e9e gravillonn\u00e9e.[\/vc_column_text][\/vc_column][vc_column width=&#8221;1\/2&#8243;]<style scoped='scoped'>.mgt-promo-block-73292048663.mgt-promo-block.animated:hover .mgt-promo-block-content {background-color: rgba(0,0,0,0.5)!important;}<\/style><div class=\"mgt-promo-block animated white-text text-size-normal no-darken mgt-promo-block-73292048663 wpb_content_element wpb_animate_when_almost_visible wpb_right-to-left\" data-style=\"background-color: #2a2f35;width: 100%; height: 250px;\"><div class=\"mgt-promo-block-content va-top\"><div class=\"mgt-promo-block-content-inside vc_custom_1714847637306\">\n<h3 class=\"LC20lb MBeuO DKV0Md\">Sp\u00e9cialiste en projet d&#8217;am\u00e9nagement Ext\u00e9rieur<\/h3>\n<p style=\"text-align: left\">Le meilleur Partenaire pour vos Prochains Travaux de Construction ?\n<div class=\"mgt-button-wrapper mgt-button-wrapper-align-left mgt-button-wrapper-display-newline mgt-button-top-margin-enable\"><a class=\"btn hvr-icon-wobble-horizontal mgt-button mgt-style-textwhite mgt-size-normal mgt-align-left mgt-display-newline mgt-text-size-small mgt-button-icon-position-right mgt-text-transform-uppercase \" href=\"\/contact\/\">Contact<i class=\"fa fa-arrow-right\"><\/i><\/a><\/div><\/div><\/div><\/div>[\/vc_column][\/vc_row][vc_row][vc_column][vc_separator][\/vc_column][\/vc_row][vc_row][vc_column]<div class=\"mgt-header-block clearfix text-left text-black wpb_content_element  mgt-header-block-style-1 mgt-header-texttransform-none \"><h3 class=\"mgt-header-block-title\">Nos R\u00e9alisations<\/h3><div class=\"mgt-header-line\"><\/div><\/div>[\/vc_column][\/vc_row][vc_row][vc_column]\r\n\t\r\n\t<div class=\"portfolio-list portfolio-columns-4 portfolio-grid-layout-1 clearfix\" id=\"portfolio-list\">\r\n\r\n\t\t<div class=\"portfolio-item-block portfolio-item-animation-6 mix residentiel tower\" data-item=\"1\" data-name=\"Immeuble Flat Building &#8211; R+16+2SS\">\r\n\t<div class=\"portfolio-item-block-inside\">\r\n\t  <a href=\"https:\/\/romibat.com\/?mgt_portfolio=immeuble-flat-building-r162ss\" target=\"_self\" rel=\"\" title=\"Immeuble Flat Building &#8211; R+16+2SS\">\r\n\t    <div class=\"portfolio-item-image\" data-style=\"background-image: url(https:\/\/romibat.com\/wp-content\/uploads\/2024\/05\/fLAT-bLUIDING-tANGER-1024x1024.jpg);\"><\/div>\r\n\t    <div class=\"portfolio-item-bg\"><\/div>\r\n\t    <div class=\"info\">\r\n\t      <span class=\"sub-title\">R\u00e9sidentiel \/ Tower<\/span>\r\n\t      <h4 class=\"title\">Immeuble Flat Building &#8211; R+16+2SS<\/h4>\r\n\t      \t      <div class=\"project-description\">Tanger, Maroc<\/div>\r\n\t  \t  \t      \t    <\/div>\r\n\t  <\/a>\r\n\t<\/div>\r\n\t<\/div>\r\n\t\t<div class=\"portfolio-item-block portfolio-item-animation-6 mix residentiel tower\" data-item=\"2\" data-name=\"Immeuble Yakoja &#8211; R+20\">\r\n\t<div class=\"portfolio-item-block-inside\">\r\n\t  <a href=\"https:\/\/romibat.com\/?mgt_portfolio=immeuble-yakoja\" target=\"_self\" rel=\"\" title=\"Immeuble Yakoja &#8211; R+20\">\r\n\t    <div class=\"portfolio-item-image\" data-style=\"background-image: url(https:\/\/romibat.com\/wp-content\/uploads\/2024\/05\/Sd-1-copie-1240x720-1-1024x720.jpg);\"><\/div>\r\n\t    <div class=\"portfolio-item-bg\"><\/div>\r\n\t    <div class=\"info\">\r\n\t      <span class=\"sub-title\">R\u00e9sidentiel \/ Tower<\/span>\r\n\t      <h4 class=\"title\">Immeuble Yakoja &#8211; R+20<\/h4>\r\n\t      \t      <div class=\"project-description\">Tanger, Maroc<\/div>\r\n\t  \t  \t      \t    <\/div>\r\n\t  <\/a>\r\n\t<\/div>\r\n\t<\/div>\r\n\t\t<div class=\"portfolio-item-block portfolio-item-animation-6 mix residentiel tower\" data-item=\"3\" data-name=\"Immeuble JGH &#8211; R+30+4SS\">\r\n\t<div class=\"portfolio-item-block-inside\">\r\n\t  <a href=\"https:\/\/romibat.com\/?mgt_portfolio=immeuble-jgh\" target=\"_self\" rel=\"\" title=\"Immeuble JGH &#8211; R+30+4SS\">\r\n\t    <div class=\"portfolio-item-image\" data-style=\"background-image: url(https:\/\/romibat.com\/wp-content\/uploads\/2016\/03\/144856876_3107373082699452_8032184472486495578_n-768x1024.jpg);\"><\/div>\r\n\t    <div class=\"portfolio-item-bg\"><\/div>\r\n\t    <div class=\"info\">\r\n\t      <span class=\"sub-title\">R\u00e9sidentiel \/ Tower<\/span>\r\n\t      <h4 class=\"title\">Immeuble JGH &#8211; R+30+4SS<\/h4>\r\n\t      \t      <div class=\"project-description\">Tanger, Maroc<\/div>\r\n\t  \t  \t      \t    <\/div>\r\n\t  <\/a>\r\n\t<\/div>\r\n\t<\/div>\r\n\t\t         \r\n\t\r\n\t<\/div>\r\n\r\n\r\n<script>(function($){\r\n\t    $(document).ready(function() {\r\n\r\n\t\t    $(\"#portfolio-list\").mixItUp({effects:[\"fade\",\"scale\"],easing:\"snap\"});\r\n\r\n\t    });})(jQuery);<\/script>[\/vc_column][\/vc_row]<\/p>\n<\/section>","protected":false},"excerpt":{"rendered":"<p>[vc_row][vc_column width=&#8221;1\/2&#8243; css=&#8221;.vc_custom_1460641256688{margin-right: 0px !important;padding-right: 0px !important;}&#8221;][\/vc_column][vc_column width=&#8221;1\/2&#8243; css=&#8221;.vc_custom_1460641327282{margin-left: 0px !important;padding-left: 0px !important;}&#8221;][\/vc_column][\/vc_row][vc_row][vc_column][vc_empty_space height=&#8221;30px&#8221;][\/vc_column][\/vc_row][vc_row][vc_column][vc_column_text]Romibat, sp\u00e9cialiste de l\u2019am\u00e9nagement ext\u00e9rieur pour tous vos travaux de terrassement et d\u2019am\u00e9nagement ext\u00e9rieur :\u00a0 Excavation, Nivellement,&#8230;<\/p>\n","protected":false},"author":1,"featured_media":0,"parent":502,"menu_order":0,"comment_status":"closed","ping_status":"closed","template":"","meta":{"footnotes":""},"class_list":["post-4066","page","type-page","status-publish","hentry"],"aioseo_notices":[],"_links":{"self":[{"href":"https:\/\/romibat.com\/index.php?rest_route=\/wp\/v2\/pages\/4066","targetHints":{"allow":["GET"]}}],"collection":[{"href":"https:\/\/romibat.com\/index.php?rest_route=\/wp\/v2\/pages"}],"about":[{"href":"https:\/\/romibat.com\/index.php?rest_route=\/wp\/v2\/types\/page"}],"author":[{"embeddable":true,"href":"https:\/\/romibat.com\/index.php?rest_route=\/wp\/v2\/users\/1"}],"replies":[{"embeddable":true,"href":"https:\/\/romibat.com\/index.php?rest_route=%2Fwp%2Fv2%2Fcomments&post=4066"}],"version-history":[{"count":3,"href":"https:\/\/romibat.com\/index.php?rest_route=\/wp\/v2\/pages\/4066\/revisions"}],"predecessor-version":[{"id":4070,"href":"https:\/\/romibat.com\/index.php?rest_route=\/wp\/v2\/pages\/4066\/revisions\/4070"}],"up":[{"embeddable":true,"href":"https:\/\/romibat.com\/index.php?rest_route=\/wp\/v2\/pages\/502"}],"wp:attachment":[{"href":"https:\/\/romibat.com\/index.php?rest_route=%2Fwp%2Fv2%2Fmedia&parent=4066"}],"curies":[{"name":"wp","href":"https:\/\/api.w.org\/{rel}","templated":true}]}}