{"id":4072,"date":"2024-05-04T20:43:11","date_gmt":"2024-05-04T18:43:11","guid":{"rendered":"https:\/\/romibat.com\/?page_id=4072"},"modified":"2024-05-04T21:06:03","modified_gmt":"2024-05-04T19:06:03","slug":"assainissement","status":"publish","type":"page","link":"https:\/\/romibat.com\/?page_id=4072","title":{"rendered":"Assainissement"},"content":{"rendered":"<section class=\"wpb-content-wrapper\"><p>[vc_row][vc_column width=&#8221;1\/2&#8243; css=&#8221;.vc_custom_1460641256688{margin-right: 0px !important;padding-right: 0px !important;}&#8221;]<style scoped='scoped'>.mgt-promo-block-36261014417.mgt-promo-block .mgt-promo-block-content h2 {font-size: 30px;line-height: normal!important;}<\/style><div class=\"mgt-promo-block black-text text-size-normal no-darken mgt-promo-block-36261014417 wpb_content_element\" data-style=\"background-color: #f5f5f5;width: 100%; height: 400px;\"><div class=\"mgt-promo-block-content\"><div class=\"mgt-promo-block-content-inside vc_custom_1714848353855\">\n<h4>Romibat Maroc<\/h4>\n<h2>ASSAINISSEMENT<\/h2>\n<p style=\"text-align: left\">Dot\u00e9e d\u2019une exp\u00e9rience de 20 ans, <strong>Romibat<\/strong> r\u00e9alise la conception, la construction et la maintenance des r\u00e9seaux d\u2019assainissement. Nous assurons l\u2019adduction, la distribution et l\u2019alimentation en eau potable pour les collectivit\u00e9s et infrastructures industriels.\n<\/div><\/div><\/div>[\/vc_column][vc_column width=&#8221;1\/2&#8243; css=&#8221;.vc_custom_1460641327282{margin-left: 0px !important;padding-left: 0px !important;}&#8221;]<style scoped='scoped'>.mgt-promo-block-36261014317.mgt-promo-block .mgt-promo-block-content h2 {font-size: 30px;line-height: normal!important;}<\/style><div class=\"mgt-promo-block black-text cover-image text-size-normal no-darken mgt-promo-block-36261014317 wpb_content_element\" data-style=\"background-color: #f5f5f5;background-image: url(https:\/\/romibat.com\/wp-content\/uploads\/2024\/05\/VoirieAssinissement011.gif);background-repeat: no-repeat;width: 100%; height: 400px;\"><div class=\"mgt-promo-block-content\"><div class=\"mgt-promo-block-content-inside\"><\/div><\/div><\/div>[\/vc_column][\/vc_row][vc_row][vc_column][vc_empty_space height=&#8221;30px&#8221;][\/vc_column][\/vc_row][vc_row][vc_column]<div class=\"mgt-header-block clearfix text-left text-black wpb_content_element  mgt-header-block-style-1 mgt-header-texttransform-none  vc_custom_1714848451910\"><h3 class=\"mgt-header-block-title\">Des Solutions Int\u00e9gr\u00e9es<\/h3><div class=\"mgt-header-line\"><\/div><\/div>[vc_column_text]Nous proposons des solutions int\u00e9gr\u00e9es pour la r\u00e9alisation des syst\u00e8mes d\u2019adduction, de distribution et traitement d\u2019eau, la r\u00e9alisation et \u00e9quipement de prises d\u2019eau, r\u00e9servoirs de stockage et stations de pompage.[\/vc_column_text][\/vc_column][\/vc_row][vc_row][vc_column][vc_separator][\/vc_column][\/vc_row][vc_row][vc_column width=&#8221;1\/2&#8243;]<div class=\"mgt-header-block clearfix text-left text-black wpb_content_element  mgt-header-block-style-1 mgt-header-texttransform-none  vc_custom_1714849560685\"><h3 class=\"mgt-header-block-title\">Travaux d'Assainissement Entre de Bonnes Mains<\/h3><div class=\"mgt-header-line\"><\/div><\/div>[vc_column_text]<\/p>\n<ul>\n<li>\u00a0Fourniture, transport et pose des conduites en acier, FD, BP, PRV, PEHD et PVC pour adduction et distribution en eau potable.<\/li>\n<li>\u00a0Fourniture, transport et pose des \u00e9quipements hydro-\u00e9lectrom\u00e9caniques.<\/li>\n<li>\u00a0GC ouvrages annexes.<\/li>\n<li>\u00a0GC et \u00e9quipement des r\u00e9servoirs.<\/li>\n<li>\u00a0GC et \u00e9quipement des stations de pompage et de surpression.<\/li>\n<li>\u00a0GC et montage d\u2019\u00e9quipements de station de traitement.<\/li>\n<li>\u00a0T\u00e9l\u00e9gestion des installations.<\/li>\n<\/ul>\n<p>[\/vc_column_text][\/vc_column][vc_column width=&#8221;1\/2&#8243;]<style scoped='scoped'>.mgt-promo-block-73292048663.mgt-promo-block.animated:hover .mgt-promo-block-content {background-color: rgba(0,0,0,0.5)!important;}<\/style><div class=\"mgt-promo-block animated white-text text-size-normal no-darken mgt-promo-block-73292048663 wpb_content_element wpb_animate_when_almost_visible wpb_right-to-left\" data-style=\"background-color: #2a2f35;width: 100%; height: 250px;\"><div class=\"mgt-promo-block-content va-top\"><div class=\"mgt-promo-block-content-inside vc_custom_1714848556916\">\n<h3 class=\"LC20lb MBeuO DKV0Md\">Sp\u00e9cialiste en projet d&#8217;assainissement<\/h3>\n<p style=\"text-align: left\">Le meilleur Partenaire pour vos Prochains Travaux de Construction ?\n<div class=\"mgt-button-wrapper mgt-button-wrapper-align-left mgt-button-wrapper-display-newline mgt-button-top-margin-enable\"><a class=\"btn hvr-icon-wobble-horizontal mgt-button mgt-style-textwhite mgt-size-normal mgt-align-left mgt-display-newline mgt-text-size-small mgt-button-icon-position-right mgt-text-transform-uppercase \" href=\"\/contact\/\">Contact<i class=\"fa fa-arrow-right\"><\/i><\/a><\/div><\/div><\/div><\/div>[\/vc_column][\/vc_row][vc_row][vc_column][vc_separator][\/vc_column][\/vc_row][vc_row][vc_column]<div class=\"mgt-header-block clearfix text-left text-black wpb_content_element  mgt-header-block-style-1 mgt-header-texttransform-none \"><h3 class=\"mgt-header-block-title\">Nos R\u00e9alisations<\/h3><div class=\"mgt-header-line\"><\/div><\/div>[\/vc_column][\/vc_row][vc_row][vc_column]\r\n\t\r\n\t<div class=\"portfolio-list portfolio-columns-4 portfolio-grid-layout-1 clearfix\" id=\"portfolio-list\">\r\n\r\n\t\t<div class=\"portfolio-item-block portfolio-item-animation-6 mix residentiel tower\" data-item=\"1\" data-name=\"Immeuble Flat Building &#8211; R+16+2SS\">\r\n\t<div class=\"portfolio-item-block-inside\">\r\n\t  <a href=\"https:\/\/romibat.com\/?mgt_portfolio=immeuble-flat-building-r162ss\" target=\"_self\" rel=\"\" title=\"Immeuble Flat Building &#8211; R+16+2SS\">\r\n\t    <div class=\"portfolio-item-image\" data-style=\"background-image: url(https:\/\/romibat.com\/wp-content\/uploads\/2024\/05\/fLAT-bLUIDING-tANGER-1024x1024.jpg);\"><\/div>\r\n\t    <div class=\"portfolio-item-bg\"><\/div>\r\n\t    <div class=\"info\">\r\n\t      <span class=\"sub-title\">R\u00e9sidentiel \/ Tower<\/span>\r\n\t      <h4 class=\"title\">Immeuble Flat Building &#8211; R+16+2SS<\/h4>\r\n\t      \t      <div class=\"project-description\">Tanger, Maroc<\/div>\r\n\t  \t  \t      \t    <\/div>\r\n\t  <\/a>\r\n\t<\/div>\r\n\t<\/div>\r\n\t\t<div class=\"portfolio-item-block portfolio-item-animation-6 mix residentiel tower\" data-item=\"2\" data-name=\"Immeuble Yakoja &#8211; R+20\">\r\n\t<div class=\"portfolio-item-block-inside\">\r\n\t  <a href=\"https:\/\/romibat.com\/?mgt_portfolio=immeuble-yakoja\" target=\"_self\" rel=\"\" title=\"Immeuble Yakoja &#8211; R+20\">\r\n\t    <div class=\"portfolio-item-image\" data-style=\"background-image: url(https:\/\/romibat.com\/wp-content\/uploads\/2024\/05\/Sd-1-copie-1240x720-1-1024x720.jpg);\"><\/div>\r\n\t    <div class=\"portfolio-item-bg\"><\/div>\r\n\t    <div class=\"info\">\r\n\t      <span class=\"sub-title\">R\u00e9sidentiel \/ Tower<\/span>\r\n\t      <h4 class=\"title\">Immeuble Yakoja &#8211; R+20<\/h4>\r\n\t      \t      <div class=\"project-description\">Tanger, Maroc<\/div>\r\n\t  \t  \t      \t    <\/div>\r\n\t  <\/a>\r\n\t<\/div>\r\n\t<\/div>\r\n\t\t<div class=\"portfolio-item-block portfolio-item-animation-6 mix residentiel tower\" data-item=\"3\" data-name=\"Immeuble JGH &#8211; R+30+4SS\">\r\n\t<div class=\"portfolio-item-block-inside\">\r\n\t  <a href=\"https:\/\/romibat.com\/?mgt_portfolio=immeuble-jgh\" target=\"_self\" rel=\"\" title=\"Immeuble JGH &#8211; R+30+4SS\">\r\n\t    <div class=\"portfolio-item-image\" data-style=\"background-image: url(https:\/\/romibat.com\/wp-content\/uploads\/2016\/03\/144856876_3107373082699452_8032184472486495578_n-768x1024.jpg);\"><\/div>\r\n\t    <div class=\"portfolio-item-bg\"><\/div>\r\n\t    <div class=\"info\">\r\n\t      <span class=\"sub-title\">R\u00e9sidentiel \/ Tower<\/span>\r\n\t      <h4 class=\"title\">Immeuble JGH &#8211; R+30+4SS<\/h4>\r\n\t      \t      <div class=\"project-description\">Tanger, Maroc<\/div>\r\n\t  \t  \t      \t    <\/div>\r\n\t  <\/a>\r\n\t<\/div>\r\n\t<\/div>\r\n\t\t         \r\n\t\r\n\t<\/div>\r\n\r\n\r\n<script>(function($){\r\n\t    $(document).ready(function() {\r\n\r\n\t\t    $(\"#portfolio-list\").mixItUp({effects:[\"fade\",\"scale\"],easing:\"snap\"});\r\n\r\n\t    });})(jQuery);<\/script>[\/vc_column][\/vc_row]<\/p>\n<\/section>","protected":false},"excerpt":{"rendered":"<p>[vc_row][vc_column width=&#8221;1\/2&#8243; css=&#8221;.vc_custom_1460641256688{margin-right: 0px !important;padding-right: 0px !important;}&#8221;][\/vc_column][vc_column width=&#8221;1\/2&#8243; css=&#8221;.vc_custom_1460641327282{margin-left: 0px !important;padding-left: 0px !important;}&#8221;][\/vc_column][\/vc_row][vc_row][vc_column][vc_empty_space height=&#8221;30px&#8221;][\/vc_column][\/vc_row][vc_row][vc_column][vc_column_text]Nous proposons des solutions int\u00e9gr\u00e9es pour la r\u00e9alisation des syst\u00e8mes d\u2019adduction, de distribution et traitement d\u2019eau, la&#8230;<\/p>\n","protected":false},"author":1,"featured_media":0,"parent":502,"menu_order":0,"comment_status":"closed","ping_status":"closed","template":"","meta":{"footnotes":""},"class_list":["post-4072","page","type-page","status-publish","hentry"],"aioseo_notices":[],"_links":{"self":[{"href":"https:\/\/romibat.com\/index.php?rest_route=\/wp\/v2\/pages\/4072","targetHints":{"allow":["GET"]}}],"collection":[{"href":"https:\/\/romibat.com\/index.php?rest_route=\/wp\/v2\/pages"}],"about":[{"href":"https:\/\/romibat.com\/index.php?rest_route=\/wp\/v2\/types\/page"}],"author":[{"embeddable":true,"href":"https:\/\/romibat.com\/index.php?rest_route=\/wp\/v2\/users\/1"}],"replies":[{"embeddable":true,"href":"https:\/\/romibat.com\/index.php?rest_route=%2Fwp%2Fv2%2Fcomments&post=4072"}],"version-history":[{"count":4,"href":"https:\/\/romibat.com\/index.php?rest_route=\/wp\/v2\/pages\/4072\/revisions"}],"predecessor-version":[{"id":4074,"href":"https:\/\/romibat.com\/index.php?rest_route=\/wp\/v2\/pages\/4072\/revisions\/4074"}],"up":[{"embeddable":true,"href":"https:\/\/romibat.com\/index.php?rest_route=\/wp\/v2\/pages\/502"}],"wp:attachment":[{"href":"https:\/\/romibat.com\/index.php?rest_route=%2Fwp%2Fv2%2Fmedia&parent=4072"}],"curies":[{"name":"wp","href":"https:\/\/api.w.org\/{rel}","templated":true}]}}