{"id":502,"date":"2024-04-01T09:52:52","date_gmt":"2024-04-01T07:52:52","guid":{"rendered":"http:\/\/wp.magnium-themes.com\/thebuilt\/thebuilt-2\/?page_id=502"},"modified":"2025-03-16T13:35:32","modified_gmt":"2025-03-16T12:35:32","slug":"services","status":"publish","type":"page","link":"https:\/\/romibat.com\/?page_id=502","title":{"rendered":"Services"},"content":{"rendered":"<section class=\"wpb-content-wrapper\"><p>[vc_row css=&#8221;.vc_custom_1460134447405{margin-top: -40px !important;}&#8221;][vc_column]<div class=\"mgt-header-block clearfix text-left text-black wpb_animate_when_almost_visible wpb_top-to-bottom wpb_content_element  mgt-header-block-style-1 mgt-header-texttransform-both \"><h2 class=\"mgt-header-block-title\">Nos Services<\/h2><p class=\"mgt-header-block-subtitle\">Construction neuve, r\u00e9novation et gestion de projets | R\u00e9sidentiel et commercial<\/p><div class=\"mgt-header-line\"><\/div><\/div>[\/vc_column][\/vc_row][vc_row][vc_column width=&#8221;1\/3&#8243;]<style scoped='scoped'>.mgt-promo-block-423153322164.mgt-promo-block.darken .mgt-promo-block-content {background-color: rgba(10,10,10,0.3)!important;}.mgt-promo-block-423153322164.mgt-promo-block.animated:hover .mgt-promo-block-content {background-color: rgba(0,0,0,0.5)!important;}<\/style><div class=\"mgt-promo-block animated white-text cover-image text-size-normal darken mgt-promo-block-423153322164 wpb_content_element wpb_animate_when_almost_visible wpb_top-to-bottom\" data-style=\"background-image: url(https:\/\/romibat.com\/wp-content\/uploads\/2024\/05\/pxfuel.jpg);background-repeat: no-repeat;width: 100%; height: 270px;\"><div class=\"mgt-promo-block-content va-bottom\"><div class=\"mgt-promo-block-content-inside vc_custom_1742128377504\"><i class=\"fa fa-2 fa-angle-double-down\"><!-- Icon --><\/i>\n<h3 style=\"text-align: left\">GROS<br \/>\nOEUVRE<\/h3>\n<div class=\"mgt-button-wrapper mgt-button-wrapper-align-left mgt-button-wrapper-display-newline mgt-button-top-margin-disable\"><a class=\"btn hvr-icon-wobble-horizontal mgt-button mgt-style-textwhite mgt-size-normal mgt-align-left mgt-display-newline mgt-text-size-small mgt-button-icon-position-right mgt-text-transform-uppercase \" href=\"https:\/\/romibat.com\/?page_id=625\">Lire la suite<i class=\"fa fa-arrow-right\"><\/i><\/a><\/div><\/div><\/div><\/div>[\/vc_column][vc_column width=&#8221;1\/3&#8243;]<style scoped='scoped'>.mgt-promo-block-23311638664.mgt-promo-block.darken .mgt-promo-block-content {background-color: rgba(10,10,10,0.38)!important;}.mgt-promo-block-23311638664.mgt-promo-block.animated:hover .mgt-promo-block-content {background-color: rgba(0,0,0,0.5)!important;}<\/style><div class=\"mgt-promo-block animated white-text cover-image text-size-normal darken mgt-promo-block-23311638664 wpb_content_element wpb_animate_when_almost_visible wpb_top-to-bottom\" data-style=\"background-image: url(https:\/\/romibat.com\/wp-content\/uploads\/2024\/05\/Romibat-etanche.webp);background-repeat: no-repeat;width: 100%; height: 270px;\"><div class=\"mgt-promo-block-content va-bottom\"><div class=\"mgt-promo-block-content-inside vc_custom_1742128393252\"><i class=\"fa fa-2 fa-angle-double-down\"><!-- Icon --><\/i>\n<h3>\u00c9TANCH\u00c9IT\u00c9<\/h3>\n<div class=\"mgt-button-wrapper mgt-button-wrapper-align-left mgt-button-wrapper-display-newline mgt-button-top-margin-disable\"><a class=\"btn hvr-icon-wobble-horizontal mgt-button mgt-style-textwhite mgt-size-normal mgt-align-left mgt-display-newline mgt-text-size-small mgt-button-icon-position-right mgt-text-transform-uppercase \" href=\"https:\/\/romibat.com\/?page_id=4039\">Lire la suite<i class=\"fa fa-arrow-right\"><\/i><\/a><\/div><\/div><\/div><\/div>[\/vc_column][vc_column width=&#8221;1\/3&#8243;]<style scoped='scoped'>.mgt-promo-block-17315338312.mgt-promo-block.darken .mgt-promo-block-content {background-color: rgba(10,10,10,0.38)!important;}.mgt-promo-block-17315338312.mgt-promo-block.animated:hover .mgt-promo-block-content {background-color: rgba(0,0,0,0.5)!important;}<\/style><div class=\"mgt-promo-block animated white-text cover-image text-size-normal darken mgt-promo-block-17315338312 wpb_content_element wpb_animate_when_almost_visible wpb_top-to-bottom\" data-style=\"background-image: url(https:\/\/romibat.com\/wp-content\/uploads\/2024\/05\/Revetement_Romibat.jpg);background-repeat: no-repeat;width: 100%; height: 270px;\"><div class=\"mgt-promo-block-content va-bottom\"><div class=\"mgt-promo-block-content-inside vc_custom_1742128408876\"><i class=\"fa fa-2 fa-angle-double-down\"><!-- Icon --><\/i>\n<h3>REV\u00caTEMENT<\/h3>\n<div class=\"mgt-button-wrapper mgt-button-wrapper-align-left mgt-button-wrapper-display-newline mgt-button-top-margin-disable\"><a class=\"btn hvr-icon-wobble-horizontal mgt-button mgt-style-textwhite mgt-size-normal mgt-align-left mgt-display-newline mgt-text-size-small mgt-button-icon-position-right mgt-text-transform-uppercase \" href=\"https:\/\/romibat.com\/?page_id=4046\">Lire la suite<i class=\"fa fa-arrow-right\"><\/i><\/a><\/div><\/div><\/div><\/div>[\/vc_column][\/vc_row][vc_row css=&#8221;.vc_custom_1714756076872{padding-top: 22px !important;}&#8221;][vc_column width=&#8221;1\/3&#8243;]<style scoped='scoped'>.mgt-promo-block-423153322164.mgt-promo-block.darken .mgt-promo-block-content {background-color: rgba(10,10,10,0.3)!important;}.mgt-promo-block-423153322164.mgt-promo-block.animated:hover .mgt-promo-block-content {background-color: rgba(0,0,0,0.5)!important;}<\/style><div class=\"mgt-promo-block animated white-text cover-image text-size-normal darken mgt-promo-block-423153322164 wpb_content_element wpb_animate_when_almost_visible wpb_top-to-bottom\" data-style=\"background-image: url(https:\/\/romibat.com\/wp-content\/uploads\/2024\/05\/Voirie_Romibat.jpeg);background-repeat: no-repeat;width: 100%; height: 270px;\"><div class=\"mgt-promo-block-content va-bottom\"><div class=\"mgt-promo-block-content-inside vc_custom_1742128423263\"><i class=\"fa fa-2 fa-angle-double-down\"><!-- Icon --><\/i>\n<h3 style=\"text-align: left\">VOIRIE<\/h3>\n<div class=\"mgt-button-wrapper mgt-button-wrapper-align-left mgt-button-wrapper-display-newline mgt-button-top-margin-disable\"><a class=\"btn hvr-icon-wobble-horizontal mgt-button mgt-style-textwhite mgt-size-normal mgt-align-left mgt-display-newline mgt-text-size-small mgt-button-icon-position-right mgt-text-transform-uppercase \" href=\"https:\/\/romibat.com\/?page_id=4057\">Lire la suite<i class=\"fa fa-arrow-right\"><\/i><\/a><\/div><\/div><\/div><\/div>[\/vc_column][vc_column width=&#8221;1\/3&#8243;]<style scoped='scoped'>.mgt-promo-block-23311638664.mgt-promo-block.darken .mgt-promo-block-content {background-color: rgba(10,10,10,0.38)!important;}.mgt-promo-block-23311638664.mgt-promo-block.animated:hover .mgt-promo-block-content {background-color: rgba(0,0,0,0.5)!important;}<\/style><div class=\"mgt-promo-block animated white-text cover-image text-size-normal darken mgt-promo-block-23311638664 wpb_content_element wpb_animate_when_almost_visible wpb_top-to-bottom\" data-style=\"background-image: url(https:\/\/romibat.com\/wp-content\/uploads\/2024\/05\/EmenagExterieur.jpg);background-repeat: no-repeat;width: 100%; height: 270px;\"><div class=\"mgt-promo-block-content va-bottom\"><div class=\"mgt-promo-block-content-inside vc_custom_1742128434193\"><i class=\"fa fa-2 fa-angle-double-down\"><!-- Icon --><\/i>\n<h3>AM\u00c9NAGEMENT<br \/>\nEXT\u00c9RIEUR<\/h3>\n<div class=\"mgt-button-wrapper mgt-button-wrapper-align-left mgt-button-wrapper-display-newline mgt-button-top-margin-disable\"><a class=\"btn hvr-icon-wobble-horizontal mgt-button mgt-style-textwhite mgt-size-normal mgt-align-left mgt-display-newline mgt-text-size-small mgt-button-icon-position-right mgt-text-transform-uppercase \" href=\"https:\/\/romibat.com\/?page_id=4066\">Lire la suite<i class=\"fa fa-arrow-right\"><\/i><\/a><\/div><\/div><\/div><\/div>[\/vc_column][vc_column width=&#8221;1\/3&#8243;]<style scoped='scoped'>.mgt-promo-block-17315338312.mgt-promo-block.darken .mgt-promo-block-content {background-color: rgba(10,10,10,0.38)!important;}.mgt-promo-block-17315338312.mgt-promo-block.animated:hover .mgt-promo-block-content {background-color: rgba(0,0,0,0.5)!important;}<\/style><div class=\"mgt-promo-block animated white-text cover-image text-size-normal darken mgt-promo-block-17315338312 wpb_content_element wpb_animate_when_almost_visible wpb_top-to-bottom\" data-style=\"background-image: url(https:\/\/romibat.com\/wp-content\/uploads\/2024\/05\/Assainissement_romibat.jpg);background-repeat: no-repeat;width: 100%; height: 270px;\"><div class=\"mgt-promo-block-content va-bottom\"><div class=\"mgt-promo-block-content-inside vc_custom_1742128445801\"><i class=\"fa fa-2 fa-angle-double-down\"><!-- Icon --><\/i>\n<h3>ASSAINISSEMENT<\/h3>\n<div class=\"mgt-button-wrapper mgt-button-wrapper-align-left mgt-button-wrapper-display-newline mgt-button-top-margin-disable\"><a class=\"btn hvr-icon-wobble-horizontal mgt-button mgt-style-textwhite mgt-size-normal mgt-align-left mgt-display-newline mgt-text-size-small mgt-button-icon-position-right mgt-text-transform-uppercase \" href=\"https:\/\/romibat.com\/?page_id=4072\">Lire la suite<i class=\"fa fa-arrow-right\"><\/i><\/a><\/div><\/div><\/div><\/div>[\/vc_column][\/vc_row][vc_row full_width=&#8221;stretch_row_content_no_spaces&#8221; css=&#8221;.vc_custom_1714790815716{margin-top: 70px !important;background-image: url(https:\/\/romibat.com\/wp-content\/uploads\/2024\/05\/Back-Architecture-3.jpg?id=3844) !important;background-position: center !important;background-repeat: no-repeat !important;background-size: cover !important;}&#8221;][vc_column]<style scoped='scoped'>.mgt-promo-block-77359319264.mgt-promo-block.darken .mgt-promo-block-content {background-color: #1c2126!important;}.mgt-promo-block-77359319264.mgt-promo-block.animated:hover .mgt-promo-block-content {background-color: rgba(28,33,38,0.48)!important;}<\/style><div class=\"mgt-promo-block animated white-text cover-image text-size-normal darken mgt-promo-block-77359319264 wpb_content_element wpb_animate_when_almost_visible wpb_top-to-bottom\" data-style=\"width: 100%; height: 350px;\"><div class=\"mgt-promo-block-content\"><div class=\"mgt-promo-block-content-inside vc_custom_1742128462737\">\n<h1 style=\"text-align: center\">Romibat Maroc<\/h1>\n<h4 style=\"text-align: center\">Votre Partenaire de Confiance pour Vos Projets de Construction au Maroc<\/h4>\n<div class=\"mgt-button-wrapper mgt-button-wrapper-align-center mgt-button-wrapper-display-newline mgt-button-top-margin-enable\"><a class=\"btn hvr-bounce-to-right mgt-button mgt-style-solid mgt-size-normal mgt-align-center mgt-display-newline mgt-text-size-normal mgt-button-icon-position-left mgt-text-transform-uppercase \" href=\"https:\/\/romibat.com\/?page_id=1831\">get a quote<\/a><\/div><\/div><\/div><\/div>[\/vc_column][\/vc_row][vc_row full_width=&#8221;stretch_row&#8221; css=&#8221;.vc_custom_1464598757561{padding-bottom: 30px !important;}&#8221;][vc_column]<div class=\"mgt-header-block clearfix text-left text-black wpb_content_element  mgt-header-block-style-2 mgt-header-texttransform-both \"><p class=\"mgt-header-block-subtitle\">BTP<\/p><h2 class=\"mgt-header-block-title\">Actualit\u00e9s<\/h2><\/div><div class=\"mgt-post-list-wrapper\"><div id=\"mgt-post-list-94785\" class=\"mgt-post-list wpb_content_element animated\" style=\"display: none;\"><div class=\"mgt-post normal-blocks\"><a href=\"https:\/\/romibat.com\/?p=4097\"><div class=\"mgt-post-image\" data-style=\"background-image: url(https:\/\/romibat.com\/wp-content\/uploads\/2024\/05\/stade-maroc-coupe-monde-2030--370x230.jpg);\"><div class=\"mgt-post-image-wrapper\"><div class=\"mgt-post-categories\">Appel D\u2019offres, Coupe du Monde 2030<\/div><div class=\"mgt-post-wrapper-icon\"><i class=\"fa fa-plus\"><\/i><\/div>\r\n<\/div><\/div><\/a><div class=\"mgt-post-details\"><div class=\"mgt-post-icon format-standard\"><\/div><div class=\"mgt-post-title\"><a href=\"https:\/\/romibat.com\/?p=4097\"><h5>Coupe Du Monde 2030 : Relance De L\u2019appel D\u2019offres Pour L\u2019\u00e9quipement Des Tribunes Des Stades Marocains<\/h5><\/a><\/div><div class=\"mgt-post-date\"><i class=\"fa fa-file-text-o\"><\/i>\r\n6 May 2024 <span class=\"post-comments-count\"><i class=\"fa fa-comment\"><\/i>0<\/span><\/div><div class=\"mgt-post-text\">[vc_row css=&#8221;.vc_custom_1460134447405{margin-top: -40px !important;}&#8221;][vc_column][\/vc_column][\/vc_row][vc_row][vc_column width=&#8221;1\/3&#8243;][\/vc_column][vc_column width=&#8221;1\/3&#8243;][\/vc_column][vc_column width=&#8221;1\/3&#8243;][\/vc_column][\/vc_row][vc_row css=&#8221;.vc_custom_1714756076872{padding-top: 22px !important;}&#8221;][vc_column width=&#8221;1\/3&#8243;][\/vc_column][vc_column width=&#8221;1\/3&#8243;][\/vc_column][vc_column width=&#8221;1\/3&#8243;][\/vc_column][\/vc_row][vc_row full_width=&#8221;stretch_row_content_no_spaces&#8221; css=&#8221;.vc_custom_1714790815716{margin-top: 70px !important;background-image: url(https:\/\/romibat.com\/wp-content\/uploads\/2024\/05\/Back-Architecture-3.jpg?id=3844) !important;background-position: center !important;background-repeat: no-repeat !important;background-size: cover !important;}&#8221;][vc_column][\/vc_column][\/vc_row][vc_row full_width=&#8221;stretch_row&#8221; css=&#8221;.vc_custom_1464598757561{padding-bottom: 30px !important;}&#8221;][vc_column][\/vc_column][\/vc_row]<\/div><a href=\"https:\/\/romibat.com\/?p=4097\" class=\"btn mgt-button hvr-sweep-to-bottom mgt-style-solid-invert mgt-size-small mgt-align-left mgt-display-inline mgt-text-size-normal mgt-text-transform-uppercase\">Read more<\/a><\/div><\/div><div class=\"mgt-post normal-blocks\"><a href=\"https:\/\/romibat.com\/?p=4101\"><div class=\"mgt-post-image\" data-style=\"background-image: url(https:\/\/romibat.com\/wp-content\/uploads\/2024\/05\/logo-SIB-2022-1-370x230.png);\"><div class=\"mgt-post-image-wrapper\"><div class=\"mgt-post-categories\">B\u00e2timent, Salon<\/div><div class=\"mgt-post-wrapper-icon\"><i class=\"fa fa-plus\"><\/i><\/div>\r\n<\/div><\/div><\/a><div class=\"mgt-post-details\"><div class=\"mgt-post-icon format-standard\"><\/div><div class=\"mgt-post-title\"><a href=\"https:\/\/romibat.com\/?p=4101\"><h5>Le Salon International du B\u00e2timent<\/h5><\/a><\/div><div class=\"mgt-post-date\"><i class=\"fa fa-file-text-o\"><\/i>\r\n6 April 2024 <span class=\"post-comments-count\"><i class=\"fa fa-comment\"><\/i>0<\/span><\/div><div class=\"mgt-post-text\">[vc_row css=&#8221;.vc_custom_1460134447405{margin-top: -40px !important;}&#8221;][vc_column][\/vc_column][\/vc_row][vc_row][vc_column width=&#8221;1\/3&#8243;][\/vc_column][vc_column width=&#8221;1\/3&#8243;][\/vc_column][vc_column width=&#8221;1\/3&#8243;][\/vc_column][\/vc_row][vc_row css=&#8221;.vc_custom_1714756076872{padding-top: 22px !important;}&#8221;][vc_column width=&#8221;1\/3&#8243;][\/vc_column][vc_column width=&#8221;1\/3&#8243;][\/vc_column][vc_column width=&#8221;1\/3&#8243;][\/vc_column][\/vc_row][vc_row full_width=&#8221;stretch_row_content_no_spaces&#8221; css=&#8221;.vc_custom_1714790815716{margin-top: 70px !important;background-image: url(https:\/\/romibat.com\/wp-content\/uploads\/2024\/05\/Back-Architecture-3.jpg?id=3844) !important;background-position: center !important;background-repeat: no-repeat !important;background-size: cover !important;}&#8221;][vc_column][\/vc_column][\/vc_row][vc_row full_width=&#8221;stretch_row&#8221; css=&#8221;.vc_custom_1464598757561{padding-bottom: 30px !important;}&#8221;][vc_column][\/vc_column][\/vc_row]<\/div><a href=\"https:\/\/romibat.com\/?p=4101\" class=\"btn mgt-button hvr-sweep-to-bottom mgt-style-solid-invert mgt-size-small mgt-align-left mgt-display-inline mgt-text-size-normal mgt-text-transform-uppercase\">Read more<\/a><\/div><\/div><div class=\"mgt-post normal-blocks\"><a href=\"https:\/\/romibat.com\/?p=216\"><div class=\"mgt-post-image\" data-style=\"background-image: url(https:\/\/romibat.com\/wp-content\/uploads\/2024\/04\/Tunnel-maroc-espagne-750x430-1-370x230.png);\"><div class=\"mgt-post-image-wrapper\"><div class=\"mgt-post-categories\">Espagne, Projet<\/div><div class=\"mgt-post-wrapper-icon\"><i class=\"fa fa-plus\"><\/i><\/div>\r\n<\/div><\/div><\/a><div class=\"mgt-post-details\"><div class=\"mgt-post-icon format-standard\"><\/div><div class=\"mgt-post-title\"><a href=\"https:\/\/romibat.com\/?p=216\"><h5>Projet De Tunnel Sous-Marin Entre Le Maroc Et L\u2019Espagne : Un Enjeu Majeur Pour Les Relations Euro-Africaines<\/h5><\/a><\/div><div class=\"mgt-post-date\"><i class=\"fa fa-file-text-o\"><\/i>\r\n1 April 2024 <span class=\"post-comments-count\"><i class=\"fa fa-comment\"><\/i>0<\/span><\/div><div class=\"mgt-post-text\">[vc_row css=&#8221;.vc_custom_1460134447405{margin-top: -40px !important;}&#8221;][vc_column][\/vc_column][\/vc_row][vc_row][vc_column width=&#8221;1\/3&#8243;][\/vc_column][vc_column width=&#8221;1\/3&#8243;][\/vc_column][vc_column width=&#8221;1\/3&#8243;][\/vc_column][\/vc_row][vc_row css=&#8221;.vc_custom_1714756076872{padding-top: 22px !important;}&#8221;][vc_column width=&#8221;1\/3&#8243;][\/vc_column][vc_column width=&#8221;1\/3&#8243;][\/vc_column][vc_column width=&#8221;1\/3&#8243;][\/vc_column][\/vc_row][vc_row full_width=&#8221;stretch_row_content_no_spaces&#8221; css=&#8221;.vc_custom_1714790815716{margin-top: 70px !important;background-image: url(https:\/\/romibat.com\/wp-content\/uploads\/2024\/05\/Back-Architecture-3.jpg?id=3844) !important;background-position: center !important;background-repeat: no-repeat !important;background-size: cover !important;}&#8221;][vc_column][\/vc_column][\/vc_row][vc_row full_width=&#8221;stretch_row&#8221; css=&#8221;.vc_custom_1464598757561{padding-bottom: 30px !important;}&#8221;][vc_column][\/vc_column][\/vc_row]<\/div><a href=\"https:\/\/romibat.com\/?p=216\" class=\"btn mgt-button hvr-sweep-to-bottom mgt-style-solid-invert mgt-size-small mgt-align-left mgt-display-inline mgt-text-size-normal mgt-text-transform-uppercase\">Read more<\/a><\/div><\/div><div class=\"clearfix\"><\/div><\/div><\/div><script>(function($){\r\n\t    $(document).ready(function() {\r\n\r\n\t\t    $(\"#mgt-post-list-94785\").owlCarousel({\r\n\t            items: 3,\r\n\t            itemsDesktop: [1024,3],\r\n\t            itemsTablet: [770,2],\r\n\t            itemsMobile : [480,1],\r\n\t            autoPlay: false,\r\n\t            navigation: false,\r\n\t            navigationText : false,\r\n\t            pagination: true,\r\n\t            afterInit : function(elem){\r\n\t                $(this).css(\"display\", \"block\");\r\n\t            }\r\n\t\t    });\r\n\t    });})(jQuery);<\/script>[\/vc_column][\/vc_row]<\/p>\n<\/section>","protected":false},"excerpt":{"rendered":"<p>[vc_row css=&#8221;.vc_custom_1460134447405{margin-top: -40px !important;}&#8221;][vc_column][\/vc_column][\/vc_row][vc_row][vc_column width=&#8221;1\/3&#8243;][\/vc_column][vc_column width=&#8221;1\/3&#8243;][\/vc_column][vc_column width=&#8221;1\/3&#8243;][\/vc_column][\/vc_row][vc_row css=&#8221;.vc_custom_1714756076872{padding-top: 22px !important;}&#8221;][vc_column width=&#8221;1\/3&#8243;][\/vc_column][vc_column width=&#8221;1\/3&#8243;][\/vc_column][vc_column width=&#8221;1\/3&#8243;][\/vc_column][\/vc_row][vc_row full_width=&#8221;stretch_row_content_no_spaces&#8221; css=&#8221;.vc_custom_1714790815716{margin-top: 70px !important;background-image: url(https:\/\/romibat.com\/wp-content\/uploads\/2024\/05\/Back-Architecture-3.jpg?id=3844) !important;background-position: center !important;background-repeat: no-repeat !important;background-size: cover !important;}&#8221;][vc_column][\/vc_column][\/vc_row][vc_row full_width=&#8221;stretch_row&#8221; css=&#8221;.vc_custom_1464598757561{padding-bottom: 30px !important;}&#8221;][vc_column][\/vc_column][\/vc_row]<\/p>\n","protected":false},"author":1,"featured_media":0,"parent":0,"menu_order":0,"comment_status":"closed","ping_status":"closed","template":"","meta":{"footnotes":""},"class_list":["post-502","page","type-page","status-publish","hentry"],"aioseo_notices":[],"_links":{"self":[{"href":"https:\/\/romibat.com\/index.php?rest_route=\/wp\/v2\/pages\/502","targetHints":{"allow":["GET"]}}],"collection":[{"href":"https:\/\/romibat.com\/index.php?rest_route=\/wp\/v2\/pages"}],"about":[{"href":"https:\/\/romibat.com\/index.php?rest_route=\/wp\/v2\/types\/page"}],"author":[{"embeddable":true,"href":"https:\/\/romibat.com\/index.php?rest_route=\/wp\/v2\/users\/1"}],"replies":[{"embeddable":true,"href":"https:\/\/romibat.com\/index.php?rest_route=%2Fwp%2Fv2%2Fcomments&post=502"}],"version-history":[{"count":25,"href":"https:\/\/romibat.com\/index.php?rest_route=\/wp\/v2\/pages\/502\/revisions"}],"predecessor-version":[{"id":4145,"href":"https:\/\/romibat.com\/index.php?rest_route=\/wp\/v2\/pages\/502\/revisions\/4145"}],"wp:attachment":[{"href":"https:\/\/romibat.com\/index.php?rest_route=%2Fwp%2Fv2%2Fmedia&parent=502"}],"curies":[{"name":"wp","href":"https:\/\/api.w.org\/{rel}","templated":true}]}}